{"id":1785,"date":"2018-11-12T14:35:55","date_gmt":"2018-11-12T14:35:55","guid":{"rendered":"https:\/\/cadmiods.com\/politica-de-privacidade\/"},"modified":"2019-02-14T13:13:04","modified_gmt":"2019-02-14T13:13:04","slug":"privacy-police","status":"publish","type":"page","link":"https:\/\/cadmiods.com\/pt-pt\/privacy-police\/","title":{"rendered":"Pol\u00edtica de Privacidade"},"content":{"rendered":"<p>\u00daltima actualiza\u00e7\u00e3o: Janeiro de 2019<\/p>\n<p>N\u00f3s operamos no s\u00edtio https:\/\/cadmiods.com. Esta p\u00e1gina informa acerca das nossas pol\u00edticas relativas \u00e0 recolha, uso e divulga\u00e7\u00e3o das informa\u00e7\u00f5es pessoais que recebemos dos usu\u00e1rios do Site.<\/p>\n<p>Usamos as suas informa\u00e7\u00f5es pessoais apenas para aprovisionar e melhorar o Site. Ao utilizar o Site, voc\u00ea concorda com a recolha e uso de informa\u00e7\u00f5es de acordo com esta pol\u00edtica:<\/p>\n<p>&nbsp;<\/p>\n<h3>Recolha e Uso de Informa\u00e7\u00f5es<\/h3>\n<p>A <strong>C\u00e1dmio &#8211; Decorative Systems<\/strong> recebe suas quest\u00f5es por telefone, texto, e-mail e boca a boca. Usamos seu endere\u00e7o de e-mail, n\u00famero de telefone, endere\u00e7o, conte\u00fado entre outros, para fins de comunica\u00e7\u00e3o com o cliente e para manuten\u00e7\u00e3o de registos visados a responder \u00e0s quest\u00f5es enviadas e para manter registos.<\/p>\n<p>N\u00f3s partilhamos os seus detalhes somente quando necess\u00e1rio com:<\/p>\n<ol>\n<li>Os nossos pr\u00f3prios funcion\u00e1rios e contratados que podem precisar de contact\u00e1-lo sobre um projecto (ou potencial projecto) e\/ou para responder a consultas gerais;<\/li>\n<li>O nosso agente contabil\u00edstico externo para fins fiscais ou para processos legais;<\/li>\n<li>O nosso agente externo de web\/TI (ex. endere\u00e7os IP, visitas a p\u00e1ginas do site, etc., para an\u00e1lise de dados t\u00e9cnicos relacionados \u00e0 anal\u00edtica de sites).<\/li>\n<\/ol>\n<p>N\u00f3s n\u00e3o compartilhamos detalhes do cliente com outras entidades. N\u00f3s n\u00e3o usamos detalhes do cliente para fins de marketing em massa. Os seus dados nunca ser\u00e3o vendidos. N\u00f3s s\u00f3 usaremos os seus dados pessoais para o prop\u00f3sito para o qual foram recolhidos ou para outro prop\u00f3sito razoavelmente compat\u00edvel. N\u00e3o compartilharemos seu endere\u00e7o de e-mail com outras pessoas que n\u00e3o sejam as identificadas acima (salvo a pedido do cliente).<\/p>\n<p>Para fins fiscais, somos obrigados a reter alguns detalhes dos nossos clientes (tais como, mas n\u00e3o limitados a informa\u00e7\u00f5es de contacto, identidade, dados financeiros, de transac\u00e7\u00f5es, endere\u00e7o de cobran\u00e7a, endere\u00e7o de entrega, or\u00e7amentos e facturas) por dez anos ap\u00f3s colabora\u00e7\u00e3o.<\/p>\n<p>&nbsp;<\/p>\n<h3>Dados t\u00e9cnicos<\/h3>\n<p>Para fins de an\u00e1lise de sites e para orientar nosso SEO e marketing on-line, \u00e0s vezes podemos visualizar dados t\u00e9cnicos, incluindo dados que reflectem o uso do nosso site, como o seu endere\u00e7o IP, navegador, exibi\u00e7\u00f5es de p\u00e1gina, navega\u00e7\u00e3o, dispositivos usados para aceder ao nosso site, etc. Esses dados s\u00e3o usados para administrar o nosso site e orientar o nosso marketing. As informa\u00e7\u00f5es relacionadas \u00e0 anal\u00edtica do site podem ser compartilhadas com o nosso contratado de web \/ TI que analisa esses dados em nosso nome.<\/p>\n<p>Al\u00e9m disso, podemos usar servi\u00e7os de terceiros, como o Google Analytics, que recolhem, monitorizam e analisam esses dados.<\/p>\n<h6>Cookies<\/h6>\n<p>Como muitos sites, usamos &#8220;cookies&#8221; para recolher informa\u00e7\u00f5es. Voc\u00ea pode instruir seu navegador para recusar todos os cookies ou para indicar quando um cookie est\u00e1 a ser enviado. No entanto, se voc\u00ea n\u00e3o aceitar cookies, talvez n\u00e3o consiga usar na \u00edntegra o nosso site.<\/p>\n<h6><em>Google Analytics<\/em><\/h6>\n<p>A informa\u00e7\u00e3o recolhida acerca da sua utiliza\u00e7\u00e3o do website \u00e9 armazenada num servidor GOOGLE que poder\u00e1 estar nos EUA ou na Uni\u00e3o Europeia, concluindo-se o processo de tratamento destes dados com a compila\u00e7\u00e3o de relat\u00f3rios anal\u00edticos sobre a utiliza\u00e7\u00e3o do website. Esta informa\u00e7\u00e3o n\u00e3o poder\u00e1 ser transferida a terceiros que n\u00e3o sejam autorizados ou se o contr\u00e1rio n\u00e3o resultar da legisla\u00e7\u00e3o aplic\u00e1vel, tal como a GOOGLE n\u00e3o associar\u00e1 o seu endere\u00e7o de IP com quaisquer outros dados mantidos por si.<\/p>\n<p>Pode desactivar esta fun\u00e7\u00e3o recorrendo a um Add-on desenvolvido pela GOOGLE justamente para o ajudar, para o efeito,<a href=\"https:\/\/tools.google.com\/dlpage\/gaoptout?hl=en\" target=\"_blank\" rel=\"noopener\"> clique aqui<\/a>.<\/p>\n<table>\n<thead>\n<tr>\n<th>ID Cookie<\/th>\n<th>Armazenamento<\/th>\n<th>Per\u00edodo de reten\u00e7\u00e3o<\/th>\n<th>Finalidade<\/th>\n<\/tr>\n<\/thead>\n<tbody>\n<tr>\n<td>_ga<\/td>\n<td>COOKIE<\/td>\n<td>2 anos<\/td>\n<td>Distinguir utilizadores<\/td>\n<\/tr>\n<tr>\n<td>_gid<\/td>\n<td>COOKIE<\/td>\n<td>24 horas<\/td>\n<td>Distinguir utilizadores<\/td>\n<\/tr>\n<tr>\n<td>_gat<\/td>\n<td>COOKIE<\/td>\n<td>1 minuto<\/td>\n<td>Controlar a taxa de solicita\u00e7\u00e3o<\/td>\n<\/tr>\n<\/tbody>\n<\/table>\n<h3><\/h3>\n<h3>Seguran\u00e7a<\/h3>\n<p>A seguran\u00e7a de suas Informa\u00e7\u00f5es Pessoais \u00e9 importante para n\u00f3s, mas lembre-se de que nenhum m\u00e9todo de transmiss\u00e3o pela Internet, ou m\u00e9todo de armazenamento electr\u00f3nico, \u00e9 100% seguro. Embora nos esforcemos para usar meios comercialmente aceit\u00e1veis para proteger suas informa\u00e7\u00f5es pessoais, n\u00e3o podemos garantir sua seguran\u00e7a absoluta.<\/p>\n<p>&nbsp;<\/p>\n<h3>Altera\u00e7\u00f5es a esta pol\u00edtica de privacidade<\/h3>\n<p>Esta Pol\u00edtica de Privacidade entrar\u00e1 em vigor a partir de Janeiro de 2019 e permanecer\u00e1 em vigor, excepto com rela\u00e7\u00e3o a quaisquer altera\u00e7\u00f5es em suas disposi\u00e7\u00f5es no futuro, que entrar\u00e3o em vigor imediatamente ap\u00f3s serem publicadas nesta p\u00e1gina.<\/p>\n<p>Reservamo-nos o direito de actualizar ou alterar nossa Pol\u00edtica de Privacidade a qualquer momento, sendo que dever\u00e1 verificar a nossa Pol\u00edtica de Privacidade periodicamente. O uso dos nossos servi\u00e7os ap\u00f3s quaisquer modifica\u00e7\u00f5es na Pol\u00edtica de Privacidade desta p\u00e1gina constituir\u00e1 o seu reconhecimento das modifica\u00e7\u00f5es e o seu consentimento em cumprir e estar vinculado \u00e0 Pol\u00edtica de Privacidade modificada.<\/p>\n<p>Se fizermos quaisquer altera\u00e7\u00f5es materiais a esta Pol\u00edtica de Privacidade, colocaremos um aviso destacado no nosso site.<\/p>\n<p>&nbsp;<\/p>\n<h3>Contacte-nos<\/h3>\n<p>Se voc\u00ea tiver alguma d\u00favida sobre esta Pol\u00edtica de Privacidade, entre em contacto connosco.<\/p>\n","protected":false},"excerpt":{"rendered":"<p>\u00daltima actualiza\u00e7\u00e3o: Janeiro de 2019 N\u00f3s operamos no s\u00edtio https:\/\/cadmiods.com. Esta p\u00e1gina informa acerca das nossas pol\u00edticas relativas \u00e0 recolha, uso e divulga\u00e7\u00e3o das informa\u00e7\u00f5es [&hellip;]<\/p>\n","protected":false},"author":1,"featured_media":0,"parent":0,"menu_order":0,"comment_status":"closed","ping_status":"closed","template":"","meta":{"footnotes":""},"class_list":["post-1785","page","type-page","status-publish","hentry"],"_links":{"self":[{"href":"https:\/\/cadmiods.com\/pt-pt\/wp-json\/wp\/v2\/pages\/1785","targetHints":{"allow":["GET"]}}],"collection":[{"href":"https:\/\/cadmiods.com\/pt-pt\/wp-json\/wp\/v2\/pages"}],"about":[{"href":"https:\/\/cadmiods.com\/pt-pt\/wp-json\/wp\/v2\/types\/page"}],"author":[{"embeddable":true,"href":"https:\/\/cadmiods.com\/pt-pt\/wp-json\/wp\/v2\/users\/1"}],"replies":[{"embeddable":true,"href":"https:\/\/cadmiods.com\/pt-pt\/wp-json\/wp\/v2\/comments?post=1785"}],"version-history":[{"count":18,"href":"https:\/\/cadmiods.com\/pt-pt\/wp-json\/wp\/v2\/pages\/1785\/revisions"}],"predecessor-version":[{"id":2058,"href":"https:\/\/cadmiods.com\/pt-pt\/wp-json\/wp\/v2\/pages\/1785\/revisions\/2058"}],"wp:attachment":[{"href":"https:\/\/cadmiods.com\/pt-pt\/wp-json\/wp\/v2\/media?parent=1785"}],"curies":[{"name":"wp","href":"https:\/\/api.w.org\/{rel}","templated":true}]}}