{"id":11,"date":"2018-10-23T13:08:02","date_gmt":"2018-10-23T13:08:02","guid":{"rendered":"https:\/\/cadmiods.com\/?page_id=11"},"modified":"2020-01-31T10:26:12","modified_gmt":"2020-01-31T10:26:12","slug":"home","status":"publish","type":"page","link":"https:\/\/cadmiods.com\/pt-pt\/","title":{"rendered":"Home"},"content":{"rendered":"<div>\n<p>Somos uma dupla de artes\u00e3os e trabalhamos juntos na \u00e1rea da decora\u00e7\u00e3o desde 2002 nos mais variados projectos.<\/p>\n<p>A nossa parceria come\u00e7ou no in\u00edcio dos nossos estudos superiores na \u00e1rea do design paisag\u00edstico. Alguns anos mais tarde abra\u00e7\u00e1mos o desafio de trabalhar com obras de arte no \u00e2mbito da conserva\u00e7\u00e3o e restauro de patrim\u00f3nio aquando da nossa segunda licenciatura. Aqui adquirimos a sensibilidade e conhecimentos necess\u00e1rios para a preserva\u00e7\u00e3o do patrim\u00f3nio cultural.<\/p>\n<\/div>\n<div>\n<p>Actualmente continuamos a trabalhar como conservadores restauradores, ao mesmo tempo que aplicamos e adaptamos os nossos conhecimentos de materiais e t\u00e9cnicas antigas \u00e0s artes decorativas.<\/p>\n<p>Procuramos dominar as mais variadas mat\u00e9rias, de forma a termos recursos que nos permitam encontrar novas solu\u00e7\u00f5es para novos desafios.<\/p>\n<p>Assim, trabalhamos pela preserva\u00e7\u00e3o do material e do imaterial, para que a est\u00e9tica de outrora acompan<span style=\"color: #000000;\">he as s<\/span>olu\u00e7\u00f5es mais inovadoras.<\/p>\n<\/div>\n","protected":false},"excerpt":{"rendered":"<p>Somos uma dupla de artes\u00e3os e trabalhamos juntos na \u00e1rea da decora\u00e7\u00e3o desde 2002 nos mais variados projectos. A nossa parceria come\u00e7ou no in\u00edcio dos [&hellip;]<\/p>\n","protected":false},"author":1,"featured_media":2053,"parent":0,"menu_order":0,"comment_status":"closed","ping_status":"closed","template":"template-home.php","meta":{"footnotes":""},"class_list":["post-11","page","type-page","status-publish","has-post-thumbnail","hentry"],"_links":{"self":[{"href":"https:\/\/cadmiods.com\/pt-pt\/wp-json\/wp\/v2\/pages\/11","targetHints":{"allow":["GET"]}}],"collection":[{"href":"https:\/\/cadmiods.com\/pt-pt\/wp-json\/wp\/v2\/pages"}],"about":[{"href":"https:\/\/cadmiods.com\/pt-pt\/wp-json\/wp\/v2\/types\/page"}],"author":[{"embeddable":true,"href":"https:\/\/cadmiods.com\/pt-pt\/wp-json\/wp\/v2\/users\/1"}],"replies":[{"embeddable":true,"href":"https:\/\/cadmiods.com\/pt-pt\/wp-json\/wp\/v2\/comments?post=11"}],"version-history":[{"count":15,"href":"https:\/\/cadmiods.com\/pt-pt\/wp-json\/wp\/v2\/pages\/11\/revisions"}],"predecessor-version":[{"id":2059,"href":"https:\/\/cadmiods.com\/pt-pt\/wp-json\/wp\/v2\/pages\/11\/revisions\/2059"}],"wp:featuredmedia":[{"embeddable":true,"href":"https:\/\/cadmiods.com\/pt-pt\/wp-json\/wp\/v2\/media\/2053"}],"wp:attachment":[{"href":"https:\/\/cadmiods.com\/pt-pt\/wp-json\/wp\/v2\/media?parent=11"}],"curies":[{"name":"wp","href":"https:\/\/api.w.org\/{rel}","templated":true}]}}